{"id":2476,"date":"2026-01-05T02:32:49","date_gmt":"2026-01-05T01:32:49","guid":{"rendered":"https:\/\/epteriongroup.com\/?page_id=2476"},"modified":"2026-02-04T20:08:00","modified_gmt":"2026-02-04T19:08:00","slug":"about","status":"publish","type":"page","link":"https:\/\/epteriongroup.com\/fr\/about\/","title":{"rendered":"A propos de nous"},"content":{"rendered":"<figure data-spectra-id=\"spectra-mk0k47be-ws73p9\" class=\"wp-block-image alignleft size-full is-resized\"><img loading=\"lazy\" decoding=\"async\" width=\"612\" height=\"408\" src=\"https:\/\/epteriongroup.com\/wp-content\/uploads\/2026\/01\/image.png\" alt=\"image\" class=\"wp-image-2511\" title=\"A propos de nous\" srcset=\"https:\/\/epteriongroup.com\/wp-content\/uploads\/2026\/01\/image.png 612w, https:\/\/epteriongroup.com\/wp-content\/uploads\/2026\/01\/image-300x200.png 300w\" sizes=\"auto, (max-width: 612px) 100vw, 612px\" \/><\/figure>\n\n\n\n<div class=\"wp-block-columns is-layout-flex wp-container-core-columns-is-layout-28f84493 wp-block-columns-is-layout-flex\">\n<div class=\"wp-block-column is-layout-flow wp-block-column-is-layout-flow\" style=\"flex-basis:100%\"><div data-spectra-id=\"spectra-mk0jge2s-tp8tyy\"\tstyle=\"overflow: visible;\" class=\"spectra-is-root-container alignfull spectra-overlay-color spectra-overflow wp-block-spectra-container\" data-orientation=\"vertical\"\t>\n\t\n\n<p>Le groupe EPTERION est une soci\u00e9t\u00e9 de soutien aux entreprises, mettant fortement l'accent sur le d\u00e9veloppement commercial et le conseil en h\u00f4tellerie.<\/p>\n\n\n\n<p>Located in Douala, our positioning is built on field experience,<br>Situ\u00e9s \u00e0 Douala, notre positionnement repose sur l'exp\u00e9rience de terrain, une compr\u00e9hension approfondie des r\u00e9alit\u00e9s op\u00e9rationnelles et la capacit\u00e9 de structurer des situations complexes.<\/p>\n\n\n\n<p><\/p>\n\n<\/div>\n<\/div>\n<\/div>\n\n\n<div data-spectra-id=\"spectra-mk0joy49-nn38bh\"\n\tclass=\"wp-block-spectra-accordion\"\tdata-wp-interactive=\"spectra\/accordion\"\n\tdata-wp-context='spectra\/accordion::{\"activeItem\":\"\"}'>\n\t\n<div data-spectra-id=\"spectra-mk0joynd-fzmp13\" class=\"wp-block-spectra-accordion-child-item\" data-wp-context='spectra\/accordion::{\"item\":\"spectra-accordion-item-1\",\"isDisabled\":false,\"headerId\":\"spectra-accordion-item-1-header\",\"detailsId\":\"spectra-accordion-item-1-details\",\"isExpanded\":false,\"detailsDisplay\":\"none\"}' data-wp-watch--toggle=\"spectra\/accordion::callbacks.isToggled\" data-wp-watch--animate=\"spectra\/accordion::callbacks.isAnimated\">\n\t\n<button aria-controls=\"spectra-accordion-item-1-details\" aria-expanded=\"false\" id=\"spectra-accordion-item-1-header\" data-spectra-id=\"spectra-mk0joyys-jbvwq7\" class=\"wp-block-spectra-accordion-child-header\" data-wp-bind--id=\"spectra\/accordion::context.headerId\" data-wp-on--click=\"spectra\/accordion::actions.toggleAnswer\" data-wp-bind--aria-controls=\"spectra\/accordion::context.detailsId\" data-wp-bind--aria-expanded=\"spectra\/accordion::context.isExpanded\" data-wp-bind--disabled=\"spectra\/accordion::context.isDisabled\">\n\t\n<span data-spectra-id=\"spectra-mk0joz6m-36h4eq\" class=\"wp-block-spectra-accordion-child-header-icon\" data-wp-context='spectra\/accordion::{\"displayType\":\"flex\",\"styleDisplay\":\"none\",\"styleHide\":\"flex\"}' data-wp-watch=\"spectra\/accordion::callbacks.updateIconDisplay\">\n\t<span style=\"display:flex;\" data-wp-bind--hidden=\"spectra\/accordion::context.isExpanded\" data-wp-style--display=\"spectra\/accordion::context.styleHide\">\n\t\t\t\t\t<svg class=\"spectra-icon\" xmlns=\"https:\/\/www.w3.org\/2000\/svg\" viewbox=\"0 0 448 512\" focusable=\"false\" aria-hidden=\"true\" style=\"fill: currentColor\"><path d=\"M432 256c0 17.69-14.33 32.01-32 32.01H256v144c0 17.69-14.33 31.99-32 31.99s-32-14.3-32-31.99v-144H48c-17.67 0-32-14.32-32-32.01s14.33-31.99 32-31.99H192v-144c0-17.69 14.33-32.01 32-32.01s32 14.32 32 32.01v144h144C417.7 224 432 238.3 432 256z\"><\/path><\/svg>\n\t\t\t\t<\/span>\n\t<span hidden style=\"display:none;\" data-wp-bind--hidden=\"spectra\/accordion::!context.isExpanded\" data-wp-style--display=\"spectra\/accordion::context.styleDisplay\">\n\t\t\t\t\t<svg class=\"spectra-icon\" xmlns=\"https:\/\/www.w3.org\/2000\/svg\" viewbox=\"0 0 448 512\" focusable=\"false\" aria-hidden=\"true\" style=\"fill: currentColor\"><path d=\"M400 288h-352c-17.69 0-32-14.32-32-32.01s14.31-31.99 32-31.99h352c17.69 0 32 14.3 32 31.99S417.7 288 400 288z\"><\/path><\/svg>\n\t\t\t\t<\/span>\n<\/span>\n\n\n<span data-spectra-id=\"spectra-mk0joz6r-bb8tbw\" class=\"wp-block-spectra-accordion-child-header-content\">\n\tQui sommes-nous<\/span>\n\n<\/button>\n\n\n<div aria-labelledby=\"spectra-accordion-item-1-header\" hidden id=\"spectra-accordion-item-1-details\" style=\"display:none;\" data-spectra-id=\"spectra-mk0joyz2-z6s620\" class=\"wp-block-spectra-accordion-child-details\" data-wp-bind--hidden=\"spectra\/accordion::!context.isExpanded\" data-wp-bind--id=\"spectra\/accordion::context.detailsId\" data-wp-bind--aria-labelledby=\"spectra\/accordion::context.headerId\" data-wp-style--display=\"spectra\/accordion::context.detailsDisplay\">\n\t\n\n<p>Le groupe EPTERION travaille aux c\u00f4t\u00e9s des entreprises pour apporter structure, clart\u00e9 et efficacit\u00e9 \u00e0 leurs op\u00e9rations et initiatives de croissance.<\/p>\n\n\n\n<p>Nos interventions allient une vision strat\u00e9gique, une expertise de terrain et un soutien pratique \u00e0 la mise en \u0153uvre.<\/p>\n\n<\/div>\n\n<\/div>\n\n\n<div data-spectra-id=\"spectra-mk0joyni-rnzenq\" class=\"wp-block-spectra-accordion-child-item\" data-wp-context='spectra\/accordion::{\"item\":\"spectra-accordion-item-2\",\"isDisabled\":false,\"headerId\":\"spectra-accordion-item-2-header\",\"detailsId\":\"spectra-accordion-item-2-details\",\"isExpanded\":false,\"detailsDisplay\":\"none\"}' data-wp-watch--toggle=\"spectra\/accordion::callbacks.isToggled\" data-wp-watch--animate=\"spectra\/accordion::callbacks.isAnimated\">\n\t\n<button aria-controls=\"spectra-accordion-item-2-details\" aria-expanded=\"false\" id=\"spectra-accordion-item-2-header\" data-spectra-id=\"spectra-mk0joyz8-yevu7v\" class=\"wp-block-spectra-accordion-child-header\" data-wp-bind--id=\"spectra\/accordion::context.headerId\" data-wp-on--click=\"spectra\/accordion::actions.toggleAnswer\" data-wp-bind--aria-controls=\"spectra\/accordion::context.detailsId\" data-wp-bind--aria-expanded=\"spectra\/accordion::context.isExpanded\" data-wp-bind--disabled=\"spectra\/accordion::context.isDisabled\">\n\t\n<span data-spectra-id=\"spectra-mk0joz6v-du7vhl\" class=\"wp-block-spectra-accordion-child-header-icon\" data-wp-context='spectra\/accordion::{\"displayType\":\"flex\",\"styleDisplay\":\"none\",\"styleHide\":\"flex\"}' data-wp-watch=\"spectra\/accordion::callbacks.updateIconDisplay\">\n\t<span style=\"display:flex;\" data-wp-bind--hidden=\"spectra\/accordion::context.isExpanded\" data-wp-style--display=\"spectra\/accordion::context.styleHide\">\n\t\t\t\t\t<svg class=\"spectra-icon\" xmlns=\"https:\/\/www.w3.org\/2000\/svg\" viewbox=\"0 0 448 512\" focusable=\"false\" aria-hidden=\"true\" style=\"fill: currentColor\"><path d=\"M432 256c0 17.69-14.33 32.01-32 32.01H256v144c0 17.69-14.33 31.99-32 31.99s-32-14.3-32-31.99v-144H48c-17.67 0-32-14.32-32-32.01s14.33-31.99 32-31.99H192v-144c0-17.69 14.33-32.01 32-32.01s32 14.32 32 32.01v144h144C417.7 224 432 238.3 432 256z\"><\/path><\/svg>\n\t\t\t\t<\/span>\n\t<span hidden style=\"display:none;\" data-wp-bind--hidden=\"spectra\/accordion::!context.isExpanded\" data-wp-style--display=\"spectra\/accordion::context.styleDisplay\">\n\t\t\t\t\t<svg class=\"spectra-icon\" xmlns=\"https:\/\/www.w3.org\/2000\/svg\" viewbox=\"0 0 448 512\" focusable=\"false\" aria-hidden=\"true\" style=\"fill: currentColor\"><path d=\"M400 288h-352c-17.69 0-32-14.32-32-32.01s14.31-31.99 32-31.99h352c17.69 0 32 14.3 32 31.99S417.7 288 400 288z\"><\/path><\/svg>\n\t\t\t\t<\/span>\n<\/span>\n\n\n<span data-spectra-id=\"spectra-mk0joz70-3do3ha\" class=\"wp-block-spectra-accordion-child-header-content\">\n\tDomaines d'intervention<\/span>\n\n<\/button>\n\n\n<div aria-labelledby=\"spectra-accordion-item-2-header\" hidden id=\"spectra-accordion-item-2-details\" style=\"display:none;\" data-spectra-id=\"spectra-mk0joyzd-ly27yx\" class=\"wp-block-spectra-accordion-child-details\" data-wp-bind--hidden=\"spectra\/accordion::!context.isExpanded\" data-wp-bind--id=\"spectra\/accordion::context.detailsId\" data-wp-bind--aria-labelledby=\"spectra\/accordion::context.headerId\" data-wp-style--display=\"spectra\/accordion::context.detailsDisplay\">\n\t\n\n<ul class=\"wp-block-list\">\n<li>Performance op\u00e9rationnelle et organisationnelle<\/li>\n\n\n\n<li>Structuration commerciale et d\u00e9veloppement client<\/li>\n\n\n\n<li>Soutien strat\u00e9gique pour les projets h\u00f4teliers et touristiques<\/li>\n<\/ul>\n\n<\/div>\n\n<\/div>\n\n\n<div data-spectra-id=\"spectra-mk0joynm-floal5\" class=\"wp-block-spectra-accordion-child-item\" data-wp-context='spectra\/accordion::{\"item\":\"spectra-accordion-item-3\",\"isDisabled\":false,\"headerId\":\"spectra-accordion-item-3-header\",\"detailsId\":\"spectra-accordion-item-3-details\",\"isExpanded\":false,\"detailsDisplay\":\"none\"}' data-wp-watch--toggle=\"spectra\/accordion::callbacks.isToggled\" data-wp-watch--animate=\"spectra\/accordion::callbacks.isAnimated\">\n\t\n<button aria-controls=\"spectra-accordion-item-3-details\" aria-expanded=\"false\" id=\"spectra-accordion-item-3-header\" data-spectra-id=\"spectra-mk0joyzj-0n95oc\" class=\"wp-block-spectra-accordion-child-header\" data-wp-bind--id=\"spectra\/accordion::context.headerId\" data-wp-on--click=\"spectra\/accordion::actions.toggleAnswer\" data-wp-bind--aria-controls=\"spectra\/accordion::context.detailsId\" data-wp-bind--aria-expanded=\"spectra\/accordion::context.isExpanded\" data-wp-bind--disabled=\"spectra\/accordion::context.isDisabled\">\n\t\n<span data-spectra-id=\"spectra-mk0joz74-wtnoks\" class=\"wp-block-spectra-accordion-child-header-icon\" data-wp-context='spectra\/accordion::{\"displayType\":\"flex\",\"styleDisplay\":\"none\",\"styleHide\":\"flex\"}' data-wp-watch=\"spectra\/accordion::callbacks.updateIconDisplay\">\n\t<span style=\"display:flex;\" data-wp-bind--hidden=\"spectra\/accordion::context.isExpanded\" data-wp-style--display=\"spectra\/accordion::context.styleHide\">\n\t\t\t\t\t<svg class=\"spectra-icon\" xmlns=\"https:\/\/www.w3.org\/2000\/svg\" viewbox=\"0 0 448 512\" focusable=\"false\" aria-hidden=\"true\" style=\"fill: currentColor\"><path d=\"M432 256c0 17.69-14.33 32.01-32 32.01H256v144c0 17.69-14.33 31.99-32 31.99s-32-14.3-32-31.99v-144H48c-17.67 0-32-14.32-32-32.01s14.33-31.99 32-31.99H192v-144c0-17.69 14.33-32.01 32-32.01s32 14.32 32 32.01v144h144C417.7 224 432 238.3 432 256z\"><\/path><\/svg>\n\t\t\t\t<\/span>\n\t<span hidden style=\"display:none;\" data-wp-bind--hidden=\"spectra\/accordion::!context.isExpanded\" data-wp-style--display=\"spectra\/accordion::context.styleDisplay\">\n\t\t\t\t\t<svg class=\"spectra-icon\" xmlns=\"https:\/\/www.w3.org\/2000\/svg\" viewbox=\"0 0 448 512\" focusable=\"false\" aria-hidden=\"true\" style=\"fill: currentColor\"><path d=\"M400 288h-352c-17.69 0-32-14.32-32-32.01s14.31-31.99 32-31.99h352c17.69 0 32 14.3 32 31.99S417.7 288 400 288z\"><\/path><\/svg>\n\t\t\t\t<\/span>\n<\/span>\n\n\n<span data-spectra-id=\"spectra-mk0joz79-zuynuj\" class=\"wp-block-spectra-accordion-child-header-content\">\n\tServices compl\u00e9mentaires (discr\u00e8tement positionn\u00e9s)<\/span>\n\n<\/button>\n\n\n<div aria-labelledby=\"spectra-accordion-item-3-header\" hidden id=\"spectra-accordion-item-3-details\" style=\"display:none;\" data-spectra-id=\"spectra-mk0joyzp-q8ci7e\" class=\"wp-block-spectra-accordion-child-details\" data-wp-bind--hidden=\"spectra\/accordion::!context.isExpanded\" data-wp-bind--id=\"spectra\/accordion::context.detailsId\" data-wp-bind--aria-labelledby=\"spectra\/accordion::context.headerId\" data-wp-style--display=\"spectra\/accordion::context.detailsDisplay\">\n\t\n\n<p>Au-del\u00e0 de son activit\u00e9 principale dans l'h\u00f4tellerie, EPTERION GROUP fournit \u00e9galement des services de soutien aux entreprises soigneusement choisis pour les organisations recherchant des connexions strat\u00e9giques et un renforcement commercial.<\/p>\n\n<\/div>\n\n<\/div>\n\n\n<div data-spectra-id=\"spectra-bbce6947-0a35-4d46-9d55-d36ca2165e0d\" class=\"wp-block-spectra-accordion-child-item\" data-wp-context='spectra\/accordion::{\"item\":\"spectra-accordion-item-4\",\"isDisabled\":false,\"headerId\":\"spectra-accordion-item-4-header\",\"detailsId\":\"spectra-accordion-item-4-details\",\"isExpanded\":false,\"detailsDisplay\":\"none\"}' data-wp-watch--toggle=\"spectra\/accordion::callbacks.isToggled\" data-wp-watch--animate=\"spectra\/accordion::callbacks.isAnimated\">\n\t\n<button aria-controls=\"spectra-accordion-item-4-details\" aria-expanded=\"false\" id=\"spectra-accordion-item-4-header\" data-spectra-id=\"spectra-1750e98d-eb43-456b-bb5a-a6122075a450\" class=\"wp-block-spectra-accordion-child-header\" data-wp-bind--id=\"spectra\/accordion::context.headerId\" data-wp-on--click=\"spectra\/accordion::actions.toggleAnswer\" data-wp-bind--aria-controls=\"spectra\/accordion::context.detailsId\" data-wp-bind--aria-expanded=\"spectra\/accordion::context.isExpanded\" data-wp-bind--disabled=\"spectra\/accordion::context.isDisabled\">\n\t\n<span data-spectra-id=\"spectra-1ad0bb0a-de1a-43f1-8f97-98161652a777\" class=\"wp-block-spectra-accordion-child-header-icon\" data-wp-context='spectra\/accordion::{\"displayType\":\"flex\",\"styleDisplay\":\"none\",\"styleHide\":\"flex\"}' data-wp-watch=\"spectra\/accordion::callbacks.updateIconDisplay\">\n\t<span style=\"display:flex;\" data-wp-bind--hidden=\"spectra\/accordion::context.isExpanded\" data-wp-style--display=\"spectra\/accordion::context.styleHide\">\n\t\t\t\t\t<svg class=\"spectra-icon\" xmlns=\"https:\/\/www.w3.org\/2000\/svg\" viewbox=\"0 0 448 512\" focusable=\"false\" aria-hidden=\"true\" style=\"fill: currentColor\"><path d=\"M432 256c0 17.69-14.33 32.01-32 32.01H256v144c0 17.69-14.33 31.99-32 31.99s-32-14.3-32-31.99v-144H48c-17.67 0-32-14.32-32-32.01s14.33-31.99 32-31.99H192v-144c0-17.69 14.33-32.01 32-32.01s32 14.32 32 32.01v144h144C417.7 224 432 238.3 432 256z\"><\/path><\/svg>\n\t\t\t\t<\/span>\n\t<span hidden style=\"display:none;\" data-wp-bind--hidden=\"spectra\/accordion::!context.isExpanded\" data-wp-style--display=\"spectra\/accordion::context.styleDisplay\">\n\t\t\t\t\t<svg class=\"spectra-icon\" xmlns=\"https:\/\/www.w3.org\/2000\/svg\" viewbox=\"0 0 448 512\" focusable=\"false\" aria-hidden=\"true\" style=\"fill: currentColor\"><path d=\"M400 288h-352c-17.69 0-32-14.32-32-32.01s14.31-31.99 32-31.99h352c17.69 0 32 14.3 32 31.99S417.7 288 400 288z\"><\/path><\/svg>\n\t\t\t\t<\/span>\n<\/span>\n\n\n<span data-spectra-id=\"spectra-0ec09664-c139-4f15-91e1-50deeee78b6c\" class=\"wp-block-spectra-accordion-child-header-content\">\n\tNotre approche<\/span>\n\n<\/button>\n\n\n<div aria-labelledby=\"spectra-accordion-item-4-header\" hidden id=\"spectra-accordion-item-4-details\" style=\"display:none;\" data-spectra-id=\"spectra-fe8c82a0-98be-48cf-acf4-4e1cdec7586a\" class=\"wp-block-spectra-accordion-child-details\" data-wp-bind--hidden=\"spectra\/accordion::!context.isExpanded\" data-wp-bind--id=\"spectra\/accordion::context.detailsId\" data-wp-bind--aria-labelledby=\"spectra\/accordion::context.headerId\" data-wp-style--display=\"spectra\/accordion::context.detailsDisplay\">\n\t\n\n<p>Notre approche repose sur la proximit\u00e9, la confidentialit\u00e9 et une forte concentration sur des r\u00e9sultats concrets.<\/p>\n\n<\/div>\n\n<\/div>\n\n<\/div>\n\n\n\n<div class=\"wp-block-cover\"><span aria-hidden=\"true\" class=\"wp-block-cover__background has-background-dim\"><\/span><div class=\"wp-block-cover__inner-container is-layout-flow wp-block-cover-is-layout-flow\">\n<div class=\"wp-block-group is-nowrap is-layout-flex wp-container-core-group-is-layout-6c531013 wp-block-group-is-layout-flex\">\t<p data-spectra-id=\"spectra-mkk8srv6-1oshkm\"\t\tclass=\"wp-block-spectra-content\">\n\t\tLeadership et Management\t<\/p>\n<\/div>\n\n\n\n<figure data-spectra-id=\"spectra-mklekyli-u9pc1x\" class=\"wp-block-image alignleft size-large is-resized\"><img loading=\"lazy\" decoding=\"async\" width=\"1024\" height=\"1024\" src=\"https:\/\/epteriongroup.com\/wp-content\/uploads\/2026\/01\/WhatsApp-Image-2025-11-10-a-12.49.11_2c205586-1024x1024.jpg\" alt=\"whatsapp image 2025 11 10 \u00e0 12.49.11 2c205586\" class=\"wp-image-2703\" title=\"A propos de nous\" srcset=\"https:\/\/epteriongroup.com\/wp-content\/uploads\/2026\/01\/WhatsApp-Image-2025-11-10-a-12.49.11_2c205586-1024x1024.jpg 1024w, https:\/\/epteriongroup.com\/wp-content\/uploads\/2026\/01\/WhatsApp-Image-2025-11-10-a-12.49.11_2c205586-300x300.jpg 300w, https:\/\/epteriongroup.com\/wp-content\/uploads\/2026\/01\/WhatsApp-Image-2025-11-10-a-12.49.11_2c205586-150x150.jpg 150w, https:\/\/epteriongroup.com\/wp-content\/uploads\/2026\/01\/WhatsApp-Image-2025-11-10-a-12.49.11_2c205586-768x768.jpg 768w, https:\/\/epteriongroup.com\/wp-content\/uploads\/2026\/01\/WhatsApp-Image-2025-11-10-a-12.49.11_2c205586.jpg 1080w\" sizes=\"auto, (max-width: 1024px) 100vw, 1024px\" \/><\/figure>\n\n\n\n<p>Le groupe EPTERION est dirig\u00e9 par <strong>Paola TOUOMI<\/strong>fondatrice et directrice g\u00e9n\u00e9rale, qui poss\u00e8de une exp\u00e9rience pratique dans le conseil en h\u00f4tellerie, le d\u00e9veloppement commercial et la coordination strat\u00e9gique.<\/p>\n\n\n\n<p>Son travail se concentre sur le soutien aux h\u00f4tels, aux op\u00e9rateurs touristiques et aux d\u00e9veloppeurs de projets dans la structuration des op\u00e9rations, le renforcement de la performance commerciale et la navigation dans des environnements organisationnels complexes, gr\u00e2ce \u00e0 une approche pragmatique, orient\u00e9e sur le terrain et ax\u00e9e sur les r\u00e9sultats.<\/p>\n<\/div><\/div>\n\n\n\n<p class=\"has-contrast-color has-accent-2-background-color has-text-color has-background has-link-color wp-elements-bf33cde375039bcec7b0eb9626eefe6e\">Le groupe EPTERION s'engage de mani\u00e8re s\u00e9lective, \u00e0 travers des collaborations r\u00e9fl\u00e9chies, fiables et orient\u00e9es par un objectif.<\/p>","protected":false},"excerpt":{"rendered":"<p>Le groupe EPTERION s'engage de mani\u00e8re s\u00e9lective, \u00e0 travers des collaborations r\u00e9fl\u00e9chies, fiables et orient\u00e9es par un objectif.<\/p>","protected":false},"author":1,"featured_media":0,"parent":0,"menu_order":1,"comment_status":"closed","ping_status":"closed","template":"","meta":{"_uag_custom_page_level_css":"","footnotes":""},"class_list":["post-2476","page","type-page","status-publish","hentry"],"aioseo_notices":[],"_hostinger_reach_plugin_has_subscription_block":false,"_hostinger_reach_plugin_is_elementor":false,"uagb_featured_image_src":{"full":false,"thumbnail":false,"medium":false,"medium_large":false,"large":false,"1536x1536":false,"2048x2048":false,"trp-custom-language-flag":false},"uagb_author_info":{"display_name":"EPTERION GROUP","author_link":"https:\/\/epteriongroup.com\/fr\/author\/elvid-dosgmail-com\/"},"uagb_comment_info":0,"uagb_excerpt":"EPTERION Group engages selectively, through thoughtful, trusted and purpose-driven collaborations.","_links":{"self":[{"href":"https:\/\/epteriongroup.com\/fr\/wp-json\/wp\/v2\/pages\/2476","targetHints":{"allow":["GET"]}}],"collection":[{"href":"https:\/\/epteriongroup.com\/fr\/wp-json\/wp\/v2\/pages"}],"about":[{"href":"https:\/\/epteriongroup.com\/fr\/wp-json\/wp\/v2\/types\/page"}],"author":[{"embeddable":true,"href":"https:\/\/epteriongroup.com\/fr\/wp-json\/wp\/v2\/users\/1"}],"replies":[{"embeddable":true,"href":"https:\/\/epteriongroup.com\/fr\/wp-json\/wp\/v2\/comments?post=2476"}],"version-history":[{"count":39,"href":"https:\/\/epteriongroup.com\/fr\/wp-json\/wp\/v2\/pages\/2476\/revisions"}],"predecessor-version":[{"id":2982,"href":"https:\/\/epteriongroup.com\/fr\/wp-json\/wp\/v2\/pages\/2476\/revisions\/2982"}],"wp:attachment":[{"href":"https:\/\/epteriongroup.com\/fr\/wp-json\/wp\/v2\/media?parent=2476"}],"curies":[{"name":"wp","href":"https:\/\/api.w.org\/{rel}","templated":true}]}}